{"id":25753,"date":"2022-03-20T13:21:50","date_gmt":"2022-03-20T13:21:50","guid":{"rendered":"https:\/\/hubsocial.inclusivplus.ro\/?page_id=25753"},"modified":"2022-03-21T09:48:17","modified_gmt":"2022-03-21T09:48:17","slug":"politica-de-cookies","status":"publish","type":"page","link":"https:\/\/hubsocial.inclusivplus.ro\/?page_id=25753","title":{"rendered":"Politica de cookies"},"content":{"rendered":"\n<div class=\"wp-block-cover\"><span aria-hidden=\"true\" class=\"has-ast-global-color-0-background-color has-background-dim-80 wp-block-cover__gradient-background has-background-dim\"><\/span><img loading=\"lazy\" decoding=\"async\" width=\"1920\" height=\"1080\" class=\"wp-block-cover__image-background wp-image-24536\" alt=\"\" src=\"https:\/\/hubsocial.inclusivplus.ro\/wp-content\/uploads\/2019\/06\/ld2.jpg\" data-object-fit=\"cover\" srcset=\"https:\/\/hubsocial.inclusivplus.ro\/wp-content\/uploads\/2019\/06\/ld2.jpg 1920w, https:\/\/hubsocial.inclusivplus.ro\/wp-content\/uploads\/2019\/06\/ld2-600x338.jpg 600w, https:\/\/hubsocial.inclusivplus.ro\/wp-content\/uploads\/2019\/06\/ld2-300x169.jpg 300w, https:\/\/hubsocial.inclusivplus.ro\/wp-content\/uploads\/2019\/06\/ld2-1024x576.jpg 1024w, https:\/\/hubsocial.inclusivplus.ro\/wp-content\/uploads\/2019\/06\/ld2-768x432.jpg 768w, https:\/\/hubsocial.inclusivplus.ro\/wp-content\/uploads\/2019\/06\/ld2-1536x864.jpg 1536w\" sizes=\"auto, (max-width: 1920px) 100vw, 1920px\" \/><div class=\"wp-block-cover__inner-container is-layout-flow wp-block-cover-is-layout-flow\">\n<h1 class=\"has-text-align-center has-white-color has-text-color wp-block-heading\">Politica de cookies<\/h1>\n<\/div><\/div>\n\n\n\n<p>Aceasta politic\u0103 se refer\u0103 la cookie-urile \u0219i pagina web <strong>formare.justsocial.ro<\/strong>, operate de <strong>Asocia\u021bia Inclusiv Plus<\/strong> cu sediul social \u00een <strong><em>sat Tibru, nr. 172 A, jud. Alba<\/em><\/strong><em>.<\/em><\/p>\n\n\n\n<h3 class=\"wp-block-heading\"><a><\/a><strong>1. Ce este un Cookie?<\/strong><\/h3>\n\n\n\n<p>Cookie-ul este un fi\u0219ier de mici dimensiuni, format din litere \u0219i numere, care va fi stocat pe computerul, terminalul mobil sau alte echipamente ale unui utilizator de pe care se acceseaz\u0103 internetul. Cookie-ul este instalat prin solicitarea emis\u0103 de c\u0103tre un web-server unui browser (ex: Internet Explorer, Chrome) \u0219i este complet \u201cpasiv\u201d (nu con\u021bine programe software, viru\u0219i sau spyware \u0219i nu poate accesa informa\u021biile de pe hard driver-ul utilizatorului).<\/p>\n\n\n\n<p>Cookie-urile pot fi utilizate de c\u0103tre site-urile web pentru a face utilizarea lor mai eficient\u0103.<\/p>\n\n\n\n<p>Legea stipuleaz\u0103 c\u0103 putem stoca cookie-uri pe dispozitivul dvs., \u00een cazul \u00een care ele sunt strict necesare pentru operarea acestui site. Pentru toate celelalte tipuri de cookie-uri avem nevoie de permisiunea dvs.<\/p>\n\n\n\n<p>Acest site utilizeaz\u0103 diferite tipuri de cookie-uri. Unele cookie-uri sunt plasate de c\u0103tre servicii p\u0103r\u0163i ter\u0163e care apar pe paginile noastre.<\/p>\n\n\n\n<p>Pute\u021bi, \u00een orice moment, s\u0103 modifica\u021bi sau s\u0103 v\u0103 retrage\u021bi acordul din <strong>Declara\u021bia privind modulele cookie<\/strong> de pe website-ul nostru.<\/p>\n\n\n\n<p>Afla\u021bi mai multe despre cine suntem, cum ne pute\u021bi contacta \u0219i cum proces\u0103m datele personale \u00een <strong>https:\/\/hubsocial.inclusivplus.ro\/privacy-policy\/<\/strong>.<\/p>\n\n\n\n<h3 class=\"wp-block-heading\"><a><\/a><strong>2. La ce sunt folosite Cookie-urile?<\/strong><\/h3>\n\n\n\n<p>Aceste fi\u0219iere fac posibil\u0103 recunoa\u0219terea terminalului utilizatorului \u0219i prezentarea con\u021binutului \u00eentr-un mod relevant, adaptat preferin\u021belor utilizatorului. Cookie-urile le asigur\u0103 utilizatorilor o experien\u021b\u0103 pl\u0103cut\u0103 de navigare \u0219i sus\u021bin eforturile <strong>Asocia\u021bia Inclusiv Plus<\/strong> pentru a oferi servicii confortabile utilizatorilor: ex: \u2013 preferin\u021bele \u00een materie de confiden\u021bialitate online, publicitate relevant\u0103 etc. De asemenea, sunt utilizate \u00een preg\u0103tirea unor statistici anonime agregate care ne ajut\u0103 s\u0103 \u00een\u021belegem cum un utilizator beneficiaz\u0103 de paginile noastre web, permi\u021b\u00e2ndu-ne \u00eembunat\u0103\u021birea structurii \u0219i con\u021binutului lor, excluz\u00e2nd identificarea personala a utilizatorului.<\/p>\n\n\n\n<h3 class=\"wp-block-heading\"><a><\/a><strong>3. Motivul pentru care putem folosi cookie-uri:<\/strong><\/h3>\n\n\n\n<ul class=\"wp-block-list\"><li>Cookie-uri care sunt <strong>strict necesare<\/strong> pentru ca site-ul web s\u0103 func\u021bioneze \u0219i s\u0103 permit\u0103 s\u0103 folose\u0219ti serviciile pe care le oferim;<\/li><li>Cookie-uri care colecteaz\u0103 date referitoare la utilizarea site-ului nostru web \u0219i la p<strong>erforman\u021bele <\/strong>acestuia. Folosim aceste informa\u021bii pentru a \u00eembun\u0103t\u0103\u021bi produsele \u0219i serviciile noastre online;<\/li><li>Cookie-uri pe care le folosim pentru a <strong>personaliza \u0219i optimiza experien\u021ba<\/strong> tale pe site-ul nostru web. Aceste cookie-uri&nbsp; stocheaz\u0103&nbsp; informa\u021bii despre alegerile tale, cum ar fi dimensiunea textului, limba \u0219i rezolu\u021bia ecranului.<\/li><li>Cookie-urile care sunt <strong>plasate de ter\u021bi<\/strong> pentru servicii \u00eembun\u0103t\u0103\u021bite (cum ar fi cookie-urile de social media) sau \u00een scopuri publicitare.<\/li><\/ul>\n\n\n\n<h3 class=\"wp-block-heading\"><a><\/a><strong>&nbsp;<\/strong><\/h3>\n\n\n\n<h3 class=\"wp-block-heading\"><a><\/a><strong>4. Ce Cookie-uri folosim?<\/strong><\/h3>\n\n\n\n<p>Folosim doua tipuri de Cookie-uri: per sesiune \u0219i fixe. Cele per sesiune sunt fi\u0219iere temporare ce r\u0103m\u00e2n \u00een terminalul utilizatorului p\u00e2n\u0103 la terminarea sesiunii sau \u00eenchiderea aplica\u021biei (browser-ului web). Cele fixe r\u0103m\u00e2n pe terminalul utilizatorului pe o perioada definit\u0103 de parametrii Cookie-ului sau p\u00e2n\u0103 sunt \u0219terse manual de utilizator.<\/p>\n\n\n\n<h3 class=\"wp-block-heading\"><a><\/a><strong>&nbsp;<\/strong><\/h3>\n\n\n\n<h3 class=\"wp-block-heading\"><a><\/a><strong>5. Cum sunt folosite cookie-urile de c\u0103tre acest website?<\/strong><\/h3>\n\n\n\n<p>O vizit\u0103 pe acest website poate plasa cookie-uri av\u00e2nd scopuri de:<\/p>\n\n\n\n<ul class=\"wp-block-list\"><li>Cookie-uri de performan\u021b\u0103 a site-ului<\/li><li>Cookie-uri de analiz\u0103 a vizitatorilor<\/li><li>Cookie-uri de \u00eenregistrare<\/li><li>Cookie-uri pentru publicitate<\/li><li>Cookie-uri ale furnizorilor de publicitate.<\/li><\/ul>\n\n\n\n<p>Exemple privind utilitatea cookies (care nu necesita autentificarea unui utilizator prin intermediul unui cont):<\/p>\n\n\n\n<p>Continut si servicii adaptate preferintelor utilizatorului \u2013 categorii de produse si servicii.<\/p>\n\n\n\n<ul class=\"wp-block-list\"><li>Oferte adaptate intereselor utilizatorilor;<\/li><li>Retinerea detaliilor de autentificare (utilizator si parola);<\/li><li>Retinerea filtrelor de protectie a copiilor privind continutul pe Internet (optiuni family mode, functii safe search);<\/li><li>Limitarea frecventei de difuzare a reclamelor \u2013 limitarea numarului de afisari a unei reclame pentru un anumit utilizator pe un site;<\/li><li>Furnizarea de publicitate relevanta pentru utilizator;<\/li><li>Masurarea, optimizarea si caracteristicile de analitice \u2013 cum ar fi confirmarea unui anumit nivel de trafic pe un website, ce tip de continut este vizualizat si modul cum un utilizator ajunge pe un website (ex.: prin motoare de cautare, direct, din alte website-uri etc). Website-urile deruleaza aceasta analiza a utilizarii lor pentru a imbunatati continutul acestora in beneficiul utilizatorului.<\/li><li>Cookies care, din punct de vedere tehnic, nu sunt obligatorii a fi stocate pe terminalul utilizatorului, vor fi folosite doar daca utilizatorul isi exprima consimtamantul expres si neechivoc in legatura cu acestea, prin bifarea categoriilor prezentate.<\/li><\/ul>\n\n\n\n<p>Utilizatorul isi poate retrage consimtamantul in orice moment prin modificarea setarilor aferente browser-ului utilizat. Detalii privind modificarea setarilor browserelor puteti gasi pe website-urile dezvoltatorilor browserelor, in Sectiunea \u201dSetari\u201d, prezentate mai jos:<\/p>\n\n\n\n<ul class=\"wp-block-list\"><li>Google Chrome<\/li><li>Mozilla Firefox<\/li><li>Microsoft Edge<\/li><li>Microsoft Internet Explorer<\/li><li>Opera<\/li><li>Apple Safari<\/li><\/ul>\n\n\n\n<p>Enumerarea exact\u0103 a cookie-urilor pe care le utiliz\u0103m pe acest website se g\u0103se\u0219te \u00een tabelul de mai jos.<\/p>\n\n\n\n<h3 class=\"wp-block-heading\"><a><\/a><strong>&nbsp;<\/strong><\/h3>\n\n\n\n<h3 class=\"wp-block-heading\"><a><\/a><strong>6. Con\u021bin Cookie-urile date personale?<\/strong><\/h3>\n\n\n\n<p>Cookie-urile \u00een sine nu solicit\u0103 informa\u021bii cu caracter personal pentru a putea fi utilizate \u0219i \u00een cele mai multe cazuri, nu identific\u0103 personal utilizatorii de internet. Datele personale colectate prin utilizarea Cookie- urilor pot fi colectate doar pentru a facilita anumite func\u021bionalit\u0103\u021bi pentru utilizator. Aceste date sunt criptate \u00eentr-un mod care face imposibil accesul persoanelor neautorizate la ele.<\/p>\n\n\n\n<h3 class=\"wp-block-heading\"><a><\/a><strong>&nbsp;<\/strong><\/h3>\n\n\n\n<h3 class=\"wp-block-heading\"><a><\/a><strong>7. Stergerea Cookie-urilor<\/strong><\/h3>\n\n\n\n<p>\u00cen general, o aplica\u021bie folosit\u0103 pentru accesarea paginilor web permite salvarea Cookie-urilor pe terminal \u00een mod implicit. Aceste set\u0103ri pot fi schimbate \u00een a\u0219a fel \u00eenc\u00e2t administrarea automat\u0103 a Cookie-urilor s\u0103 fie blocat\u0103 de browser-ul web sau utilizatorul s\u0103 fie informat de fiecare dat\u0103 c\u00e2nd Cookie-uri sunt trimise c\u0103tre terminalul s\u0103u. Informa\u021bii detaliate despre posibilit\u0103\u021bile \u0219i modurile de administrare a Cookie-urilor pot fi g\u0103site \u00een zona de set\u0103ri a aplica\u021biei (browser-ului web). Limitarea folosirii Cookie-urilor poate afecta anumite func\u021bionalit\u0103\u021bi ale paginii web.<\/p>\n\n\n\n<h3 class=\"wp-block-heading\"><a><\/a><strong>&nbsp;<\/strong><\/h3>\n\n\n\n<h3 class=\"wp-block-heading\"><a><\/a><strong>8. De ce sunt cookie-urile importante pentru Internet?<\/strong><\/h3>\n\n\n\n<p>Cookie-urile reprezint\u0103 punctul central al func\u021bionarii eficiente a Internetului, ajut\u00e2nd la generarea unei experiente de navigare prietenoase \u0219i adaptata preferin\u021belor \u0219i intereselor fiec\u0103rui utilizator.<\/p>\n\n\n\n<p>Refuzarea sau dezactivarea cookie-urilor poate face unele site-uri imposibil de folosit.<\/p>\n\n\n\n<p>Refuzarea sau dezactivarea cookie-urilor nu \u00eenseamn\u0103 c\u0103 nu ve\u021bi mai primi publicitate online \u2013 ci doar c\u0103 aceasta nu va mai putea \u021bine cont de preferin\u021bele \u0219i interesele dumneavostr\u0103, eviden\u021biate prin comportamentul de navigare.<\/p>\n\n\n\n<p>Exemple de \u00eentrebuin\u021b\u0103ri importante ale cookie-urilor (care nu necesit\u0103 autentificarea unui utilizator prin intermediul unui cont):<\/p>\n\n\n\n<ul class=\"wp-block-list\"><li>Con\u021binut \u0219i servicii adaptate preferin\u021belor utilizatorului \u2013 categorii de produse \u0219i servicii.<\/li><li>Oferte adaptate pe interesele utilizatorilor \u2013 re\u021binerea parolelor.<\/li><li>Re\u021binerea filtrelor de protec\u021bie a copiilor privind con\u021binutul pe internet (op\u021biuni family mode, func\u021bii de safe search).<\/li><li>Limitarea frecven\u021bei de difuzare a reclamelor \u2013 limitarea num\u0103rului de afi\u0219\u0103ri a unei reclame pentru un anumit utilizator pe un site.<\/li><li>Furnizarea de publicitate mai relevant\u0103 pentru utilizator.<\/li><li>M\u0103surarea, optimizarea \u0219i caracteristicile de analytics \u2013 cum ar fi confirmarea unui anumit nivel de trafic pe un website, ce tip de con\u021binut este vizualizat \u0219i modul \u00een care un utilizator ajunge pe un website (ex prin motoare de c\u0103utare, direct, din alte website-uri etc). Website-urile deruleaz\u0103 aceste analize a utiliz\u0103rii lor pentru a \u00eembun\u0103t\u0103\u021bi site-urile \u00een beneficiul utilizatorilor.<\/li><\/ul>\n\n\n\n<p><\/p>\n","protected":false},"excerpt":{"rendered":"<p>Aceasta politic\u0103 se refer\u0103 la cookie-urile \u0219i pagina web formare.justsocial.ro, operate de Asocia\u021bia Inclusiv Plus cu sediul social \u00een sat Tibru, nr. 172 A, jud. Alba. 1. Ce este un Cookie? Cookie-ul este un fi\u0219ier de mici dimensiuni, format din litere \u0219i numere, care va fi stocat pe computerul, terminalul mobil sau alte echipamente ale &hellip;<\/p>\n<p class=\"read-more\"> <a class=\"\" href=\"https:\/\/hubsocial.inclusivplus.ro\/?page_id=25753\"> <span class=\"screen-reader-text\">Politica de cookies<\/span> Read More \u00bb<\/a><\/p>\n","protected":false},"author":1,"featured_media":0,"parent":0,"menu_order":0,"comment_status":"closed","ping_status":"closed","template":"","meta":{"_uag_custom_page_level_css":"","site-sidebar-layout":"no-sidebar","site-content-layout":"plain-container","ast-global-header-display":"","ast-main-header-display":"","ast-hfb-above-header-display":"","ast-hfb-below-header-display":"","ast-hfb-mobile-header-display":"","site-post-title":"disabled","ast-breadcrumbs-content":"","ast-featured-img":"disabled","footer-sml-layout":"","theme-transparent-header-meta":"enabled","adv-header-id-meta":"","stick-header-meta":"","header-above-stick-meta":"","header-main-stick-meta":"","header-below-stick-meta":"","footnotes":""},"class_list":["post-25753","page","type-page","status-publish","hentry"],"uagb_featured_image_src":{"full":false,"thumbnail":false,"medium":false,"medium_large":false,"large":false,"1536x1536":false,"2048x2048":false},"uagb_author_info":{"display_name":"pmhail","author_link":"https:\/\/hubsocial.inclusivplus.ro\/?author=1"},"uagb_comment_info":0,"uagb_excerpt":"Aceasta politic\u0103 se refer\u0103 la cookie-urile \u0219i pagina web formare.justsocial.ro, operate de Asocia\u021bia Inclusiv Plus cu sediul social \u00een sat Tibru, nr. 172 A, jud. Alba. 1. Ce este un Cookie? Cookie-ul este un fi\u0219ier de mici dimensiuni, format din litere \u0219i numere, care va fi stocat pe computerul, terminalul mobil sau alte echipamente ale&hellip;","_links":{"self":[{"href":"https:\/\/hubsocial.inclusivplus.ro\/index.php?rest_route=\/wp\/v2\/pages\/25753","targetHints":{"allow":["GET"]}}],"collection":[{"href":"https:\/\/hubsocial.inclusivplus.ro\/index.php?rest_route=\/wp\/v2\/pages"}],"about":[{"href":"https:\/\/hubsocial.inclusivplus.ro\/index.php?rest_route=\/wp\/v2\/types\/page"}],"author":[{"embeddable":true,"href":"https:\/\/hubsocial.inclusivplus.ro\/index.php?rest_route=\/wp\/v2\/users\/1"}],"replies":[{"embeddable":true,"href":"https:\/\/hubsocial.inclusivplus.ro\/index.php?rest_route=%2Fwp%2Fv2%2Fcomments&post=25753"}],"version-history":[{"count":2,"href":"https:\/\/hubsocial.inclusivplus.ro\/index.php?rest_route=\/wp\/v2\/pages\/25753\/revisions"}],"predecessor-version":[{"id":25769,"href":"https:\/\/hubsocial.inclusivplus.ro\/index.php?rest_route=\/wp\/v2\/pages\/25753\/revisions\/25769"}],"wp:attachment":[{"href":"https:\/\/hubsocial.inclusivplus.ro\/index.php?rest_route=%2Fwp%2Fv2%2Fmedia&parent=25753"}],"curies":[{"name":"wp","href":"https:\/\/api.w.org\/{rel}","templated":true}]}}