{"id":25407,"date":"2020-09-16T05:09:49","date_gmt":"2020-09-16T05:09:49","guid":{"rendered":"https:\/\/hubsocial.inclusivplus.ro\/?page_id=25407"},"modified":"2022-03-20T19:59:35","modified_gmt":"2022-03-20T19:59:35","slug":"home","status":"publish","type":"page","link":"https:\/\/hubsocial.inclusivplus.ro\/","title":{"rendered":"Acas\u0103"},"content":{"rendered":"\n<div class=\"wp-block-cover alignfull\" style=\"min-height:505px;aspect-ratio:unset;\"><span aria-hidden=\"true\" class=\"has-ast-global-color-0-background-color has-background-dim-80 wp-block-cover__gradient-background has-background-dim\"><\/span><img loading=\"lazy\" decoding=\"async\" width=\"1920\" height=\"1080\" class=\"wp-block-cover__image-background wp-image-24536\" alt=\"\" src=\"https:\/\/hubsocial.inclusivplus.ro\/wp-content\/uploads\/2019\/06\/ld2.jpg\" data-object-fit=\"cover\" srcset=\"https:\/\/hubsocial.inclusivplus.ro\/wp-content\/uploads\/2019\/06\/ld2.jpg 1920w, https:\/\/hubsocial.inclusivplus.ro\/wp-content\/uploads\/2019\/06\/ld2-600x338.jpg 600w, https:\/\/hubsocial.inclusivplus.ro\/wp-content\/uploads\/2019\/06\/ld2-300x169.jpg 300w, https:\/\/hubsocial.inclusivplus.ro\/wp-content\/uploads\/2019\/06\/ld2-1024x576.jpg 1024w, https:\/\/hubsocial.inclusivplus.ro\/wp-content\/uploads\/2019\/06\/ld2-768x432.jpg 768w, https:\/\/hubsocial.inclusivplus.ro\/wp-content\/uploads\/2019\/06\/ld2-1536x864.jpg 1536w\" sizes=\"auto, (max-width: 1920px) 100vw, 1920px\" \/><div class=\"wp-block-cover__inner-container is-layout-flow wp-block-cover-is-layout-flow\">\n<h1 class=\"has-text-align-center has-white-color has-text-color wp-block-heading\">\u00cenva\u021b\u0103 pentru a deveni mai bun<\/h1>\n\n\n\n<p class=\"has-text-align-center\"><\/p>\n\n\n\n<div class=\"wp-block-buttons is-horizontal is-content-justification-center is-layout-flex wp-container-core-buttons-is-layout-03627597 wp-block-buttons-is-layout-flex\">\n<div class=\"wp-block-button\"><a class=\"wp-block-button__link has-ast-global-color-0-color has-ast-global-color-5-background-color has-text-color has-background\" href=\"https:\/\/hubsocial.inclusivplus.ro\/?page_id=25403\">Vezi toate cursurile<\/a><\/div>\n<\/div>\n<\/div><\/div>\n\n\n\n<div class=\"inherit-container-width wp-block-group alignfull has-ast-global-color-5-background-color has-background is-layout-constrained wp-block-group-is-layout-constrained\"><div class=\"wp-block-group__inner-container\">\n<div class=\"wp-block-columns alignwide are-vertically-aligned-center is-layout-flex wp-container-core-columns-is-layout-28f84493 wp-block-columns-is-layout-flex\">\n<div class=\"wp-block-column is-vertically-aligned-center is-layout-flow wp-block-column-is-layout-flow\">\n<div class=\"inherit-container-width wp-block-group is-layout-constrained wp-block-group-is-layout-constrained\"><div class=\"wp-block-group__inner-container\">\n<div class=\"wp-block-uagb-info-box uagb-infobox__outer-wrap uagb-block-51d2cf0b\"><div class=\"uagb-infobox__content-wrap uagb-infobox uagb-infobox-has-icon uagb-infobox-icon-above-title uagb-infobox-image-valign-top uagb-infobox-enable-border-radius \"><div class=\"uagb-ifb-left-right-wrap\"><div class=\"uagb-ifb-content\"><div class=\"uagb-ifb-image-icon-content uagb-ifb-imgicon-wrap\"><div class=\"uagb-ifb-icon-wrap\"><span class=\"uagb-ifb-icon\"><svg xmlns=\"http:\/\/www.w3.org\/2000\/svg\" viewbox=\"0 0 512 512\"><path d=\"M187.7 153.7c-34 0-61.7 25.7-61.7 57.7 0 31.7 27.7 57.7 61.7 57.7s61.7-26 61.7-57.7c0-32-27.7-57.7-61.7-57.7zm143.4 0c-34 0-61.7 25.7-61.7 57.7 0 31.7 27.7 57.7 61.7 57.7 34.3 0 61.7-26 61.7-57.7.1-32-27.4-57.7-61.7-57.7zm156.6 90l-6 4.3V49.7c0-27.4-20.6-49.7-46-49.7H76.6c-25.4 0-46 22.3-46 49.7V248c-2-1.4-4.3-2.9-6.3-4.3-15.1-10.6-25.1 4-16 17.7 18.3 22.6 53.1 50.3 106.3 72C58.3 525.1 252 555.7 248.9 457.5c0-.7.3-56.6.3-96.6 5.1 1.1 9.4 2.3 13.7 3.1 0 39.7.3 92.8.3 93.5-3.1 98.3 190.6 67.7 134.3-124 53.1-21.7 88-49.4 106.3-72 9.1-13.8-.9-28.3-16.1-17.8zm-30.5 19.2c-68.9 37.4-128.3 31.1-160.6 29.7-23.7-.9-32.6 9.1-33.7 24.9-10.3-7.7-18.6-15.5-20.3-17.1-5.1-5.4-13.7-8-27.1-7.7-31.7 1.1-89.7 7.4-157.4-28V72.3c0-34.9 8.9-45.7 40.6-45.7h317.7c30.3 0 40.9 12.9 40.9 45.7v190.6z\"><\/path><\/svg><\/span><\/div><\/div><div class=\"uagb-ifb-title-wrap\"><h3 class=\"uagb-ifb-title\">Instruire particularizat\u0103 <\/h3><\/div><div class=\"uagb-ifb-text-wrap\"><p class=\"uagb-ifb-desc\"> Alege singur ce, c\u00e2nd, cum \u0219i c\u00e2t studiezi<\/p><\/div><\/div><\/div><\/div><\/div>\n<\/div><\/div>\n<\/div>\n\n\n\n<div class=\"wp-block-column is-vertically-aligned-center is-layout-flow wp-block-column-is-layout-flow\">\n<div class=\"inherit-container-width wp-block-group is-layout-constrained wp-block-group-is-layout-constrained\"><div class=\"wp-block-group__inner-container\">\n<div class=\"wp-block-uagb-info-box uagb-infobox__outer-wrap uagb-block-f69aad74\"><div class=\"uagb-infobox__content-wrap uagb-infobox uagb-infobox-has-icon uagb-infobox-icon-above-title uagb-infobox-image-valign-top uagb-infobox-enable-border-radius \"><div class=\"uagb-ifb-left-right-wrap\"><div class=\"uagb-ifb-content\"><div class=\"uagb-ifb-image-icon-content uagb-ifb-imgicon-wrap\"><div class=\"uagb-ifb-icon-wrap\"><span class=\"uagb-ifb-icon\"><svg xmlns=\"http:\/\/www.w3.org\/2000\/svg\" viewbox=\"0 0 576 512\"><path d=\"M519.442 288.651c-41.519 0-59.5 31.593-82.058 31.593C377.409 320.244 432 144 432 144s-196.288 80-196.288-3.297c0-35.827 36.288-46.25 36.288-85.985C272 19.216 243.885 0 210.539 0c-34.654 0-66.366 18.891-66.366 56.346 0 41.364 31.711 59.277 31.711 81.75C175.885 207.719 0 166.758 0 166.758v333.237s178.635 41.047 178.635-28.662c0-22.473-40-40.107-40-81.471 0-37.456 29.25-56.346 63.577-56.346 33.673 0 61.788 19.216 61.788 54.717 0 39.735-36.288 50.158-36.288 85.985 0 60.803 129.675 25.73 181.23 25.73 0 0-34.725-120.101 25.827-120.101 35.962 0 46.423 36.152 86.308 36.152C556.712 416 576 387.99 576 354.443c0-34.199-18.962-65.792-56.558-65.792z\"><\/path><\/svg><\/span><\/div><\/div><div class=\"uagb-ifb-title-wrap\"><h3 class=\"uagb-ifb-title\"> Teste interesante <\/h3><\/div><div class=\"uagb-ifb-text-wrap\"><p class=\"uagb-ifb-desc\"> Testarea nu a fost niciodat\u0103 at\u00e2t de intuitiv\u0103<\/p><\/div><\/div><\/div><\/div><\/div>\n<\/div><\/div>\n<\/div>\n\n\n\n<div class=\"wp-block-column is-vertically-aligned-center is-layout-flow wp-block-column-is-layout-flow\">\n<div class=\"inherit-container-width wp-block-group is-layout-constrained wp-block-group-is-layout-constrained\"><div class=\"wp-block-group__inner-container\">\n<div class=\"wp-block-uagb-info-box uagb-infobox__outer-wrap uagb-block-46d663d1\"><div class=\"uagb-infobox__content-wrap uagb-infobox uagb-infobox-has-icon uagb-infobox-icon-above-title uagb-infobox-image-valign-top uagb-infobox-enable-border-radius \"><div class=\"uagb-ifb-left-right-wrap\"><div class=\"uagb-ifb-content\"><div class=\"uagb-ifb-image-icon-content uagb-ifb-imgicon-wrap\"><div class=\"uagb-ifb-icon-wrap\"><span class=\"uagb-ifb-icon\"><svg xmlns=\"http:\/\/www.w3.org\/2000\/svg\" viewbox=\"0 0 512 512\"><path d=\"M239.1 6.3l-208 78c-18.7 7-31.1 25-31.1 45v225.1c0 18.2 10.3 34.8 26.5 42.9l208 104c13.5 6.8 29.4 6.8 42.9 0l208-104c16.3-8.1 26.5-24.8 26.5-42.9V129.3c0-20-12.4-37.9-31.1-44.9l-208-78C262 2.2 250 2.2 239.1 6.3zM256 68.4l192 72v1.1l-192 78-192-78v-1.1l192-72zm32 356V275.5l160-65v133.9l-160 80z\"><\/path><\/svg><\/span><\/div><\/div><div class=\"uagb-ifb-title-wrap\"><h3 class=\"uagb-ifb-title\">Materiale suplimentare <\/h3><\/div><div class=\"uagb-ifb-text-wrap\"><p class=\"uagb-ifb-desc\">Care fac diferen\u021ba \u00eentre un curs bun \u0219i unul foarte bun<\/p><\/div><\/div><\/div><\/div><\/div>\n<\/div><\/div>\n<\/div>\n<\/div>\n<\/div><\/div>\n\n\n\n<div class=\"inherit-container-width wp-block-group alignfull has-ast-global-color-4-background-color has-background is-layout-constrained wp-block-group-is-layout-constrained\"><div class=\"wp-block-group__inner-container\">\n<h2 class=\"has-text-align-center wp-block-heading\">Cele mai populare cursuri ale noastre<\/h2>\n\n\n<div id=\"ld-course-list-content-c4556973bc2af538cafa19d9bc0a5522\" class=\"ld-course-list-content\" data-shortcode-atts=\"{&quot;categoryselector&quot;:&quot;true&quot;,&quot;progress_bar&quot;:&quot;true&quot;,&quot;order&quot;:&quot;asc&quot;}\">\n\t\t\t<div class=\"ld-course-list-items row\">\n\t<!-- LearnDash Course Grid v1 --><div class=\"ld_course_grid col-sm-8 col-md-4 \">\n\t<article id=\"post-69\" class=\" thumbnail course post-69 sfwd-courses type-sfwd-courses status-publish has-post-thumbnail hentry ld_course_category-paid\">\n\t\t\t\t\t\t\t\t<div class=\"ribbon free\">\n\t\t\t\tFree\t\t\t<\/div>\n\t\t\t\n\t\t\t\t\t\t<a href=\"https:\/\/hubsocial.inclusivplus.ro\/?sfwd-courses=social-media-marketing\" rel=\"bookmark\">\n\t\t\t\t<img loading=\"lazy\" decoding=\"async\" width=\"300\" height=\"200\" src=\"https:\/\/hubsocial.inclusivplus.ro\/wp-content\/uploads\/2016\/12\/barber-300x200.jpg\" class=\"attachment-medium size-medium wp-post-image\" alt=\"\" srcset=\"https:\/\/hubsocial.inclusivplus.ro\/wp-content\/uploads\/2016\/12\/barber-300x200.jpg 300w, https:\/\/hubsocial.inclusivplus.ro\/wp-content\/uploads\/2016\/12\/barber-600x400.jpg 600w, https:\/\/hubsocial.inclusivplus.ro\/wp-content\/uploads\/2016\/12\/barber.jpg 640w\" sizes=\"auto, (max-width: 300px) 100vw, 300px\" \/>\t\t\t<\/a>\n\t\t\t\t\t\n\t\t\t\t\t<div class=\"caption\">\n\t\t\t\t<h3 class=\"entry-title\">Frizer<\/h3>\n\t\t\t\t\t\t\t\t<div class=\"entry-content\"><p>Partea teoretic\u0103 a cursului de calificare pentru meseria de frizer. Cod COR 5141.1.3<\/p>\n<\/div>\n\t\t\t\t\t\t\t\t<div class=\"ld_course_grid_button\"><a class=\"btn btn-primary\" role=\"button\" href=\"https:\/\/hubsocial.inclusivplus.ro\/?sfwd-courses=social-media-marketing\" rel=\"bookmark\">Mai multe detalii ...<\/a><\/div>\n\t\t\t\t\t\t\t\t\t\t\t\t\t\t\t\t\t\t\t\t\t\t\t\t\t\t\t<\/div><!-- .entry-header -->\n\t\t\t<\/article><!-- #post-## -->\n<\/div><!-- .ld_course_grid -->\n<!-- LearnDash Course Grid v1 --><div class=\"ld_course_grid col-sm-8 col-md-4 \">\n\t<article id=\"post-71\" class=\" thumbnail course post-71 sfwd-courses type-sfwd-courses status-publish has-post-thumbnail hentry ld_course_category-paid\">\n\t\t\t\t\t\t\t\t<div class=\"ribbon\">\n\t\t\t\tFree\t\t\t<\/div>\n\t\t\t\n\t\t\t\t\t\t<a href=\"https:\/\/hubsocial.inclusivplus.ro\/?sfwd-courses=email-marketing-strategies\" rel=\"bookmark\">\n\t\t\t\t<img loading=\"lazy\" decoding=\"async\" width=\"300\" height=\"225\" src=\"https:\/\/hubsocial.inclusivplus.ro\/wp-content\/uploads\/2016\/12\/antreprenor-1-300x225.jpg\" class=\"attachment-medium size-medium wp-post-image\" alt=\"\" srcset=\"https:\/\/hubsocial.inclusivplus.ro\/wp-content\/uploads\/2016\/12\/antreprenor-1-300x225.jpg 300w, https:\/\/hubsocial.inclusivplus.ro\/wp-content\/uploads\/2016\/12\/antreprenor-1-600x450.jpg 600w, https:\/\/hubsocial.inclusivplus.ro\/wp-content\/uploads\/2016\/12\/antreprenor-1.jpg 640w\" sizes=\"auto, (max-width: 300px) 100vw, 300px\" \/>\t\t\t<\/a>\n\t\t\t\t\t\n\t\t\t\t\t<div class=\"caption\">\n\t\t\t\t<h3 class=\"entry-title\">Competen\u021be antreprenoriale<\/h3>\n\t\t\t\t\t\t\t\t<div class=\"entry-content\"><p>Dezvoltarea competen\u021belor antreprenoriale \u00eentr-o lume \u00een continu\u0103 mi\u0219care este ...<\/p>\n<\/div>\n\t\t\t\t\t\t\t\t<div class=\"ld_course_grid_button\"><a class=\"btn btn-primary\" role=\"button\" href=\"https:\/\/hubsocial.inclusivplus.ro\/?sfwd-courses=email-marketing-strategies\" rel=\"bookmark\">Mai multe detalii ...<\/a><\/div>\n\t\t\t\t\t\t\t\t\t\t\t\t\t\t\t\t\t\t\t\t\t\t\t\t\t\t\t<\/div><!-- .entry-header -->\n\t\t\t<\/article><!-- #post-## -->\n<\/div><!-- .ld_course_grid -->\n<!-- LearnDash Course Grid v1 --><div class=\"ld_course_grid col-sm-8 col-md-4 \">\n\t<article id=\"post-24042\" class=\" thumbnail course post-24042 sfwd-courses type-sfwd-courses status-publish has-post-thumbnail hentry ld_course_category-paid\">\n\t\t\t\t\t\t\t\t<div class=\"ribbon free\">\n\t\t\t\tFree\t\t\t<\/div>\n\t\t\t\n\t\t\t\t\t\t<a href=\"https:\/\/hubsocial.inclusivplus.ro\/?sfwd-courses=content-marketing\" rel=\"bookmark\">\n\t\t\t\t<img loading=\"lazy\" decoding=\"async\" width=\"300\" height=\"200\" src=\"https:\/\/hubsocial.inclusivplus.ro\/wp-content\/uploads\/2016\/12\/social-1-300x200.jpg\" class=\"attachment-medium size-medium wp-post-image\" alt=\"\" srcset=\"https:\/\/hubsocial.inclusivplus.ro\/wp-content\/uploads\/2016\/12\/social-1-300x200.jpg 300w, https:\/\/hubsocial.inclusivplus.ro\/wp-content\/uploads\/2016\/12\/social-1-600x400.jpg 600w, https:\/\/hubsocial.inclusivplus.ro\/wp-content\/uploads\/2016\/12\/social-1.jpg 640w\" sizes=\"auto, (max-width: 300px) 100vw, 300px\" \/>\t\t\t<\/a>\n\t\t\t\t\t\n\t\t\t\t\t<div class=\"caption\">\n\t\t\t\t<h3 class=\"entry-title\">Competen\u021be sociale \u0219i civice<\/h3>\n\t\t\t\t\t\t\t\t<div class=\"entry-content\"><p>Competen\u021be sociale \u0219i civice<\/p>\n<\/div>\n\t\t\t\t\t\t\t\t<div class=\"ld_course_grid_button\"><a class=\"btn btn-primary\" role=\"button\" href=\"https:\/\/hubsocial.inclusivplus.ro\/?sfwd-courses=content-marketing\" rel=\"bookmark\">Mai multe detalii ...<\/a><\/div>\n\t\t\t\t\t\t\t\t\t\t\t\t\t\t\t\t\t\t\t\t\t\t\t\t\t\t\t<\/div><!-- .entry-header -->\n\t\t\t<\/article><!-- #post-## -->\n<\/div><!-- .ld_course_grid -->\n\t<\/div>\n\t\t\t<\/div>\n\t\t\n<\/div><\/div>\n\n\n\n<div class=\"inherit-container-width wp-block-group alignfull has-ast-global-color-5-background-color has-background is-layout-constrained wp-block-group-is-layout-constrained\"><div class=\"wp-block-group__inner-container\">\n<h2 class=\"has-text-align-center wp-block-heading\">Fii preg\u0103tit pentru provoc\u0103rile viitoare!<\/h2>\n\n\n\n<p><\/p>\n\n\n\n<div class=\"wp-block-columns are-vertically-aligned-center is-layout-flex wp-container-core-columns-is-layout-28f84493 wp-block-columns-is-layout-flex\">\n<div class=\"wp-block-column is-vertically-aligned-center is-layout-flow wp-block-column-is-layout-flow\">\n<div class=\"wp-block-image is-style-default\"><figure class=\"aligncenter size-full is-resized\"><img loading=\"lazy\" decoding=\"async\" src=\"https:\/\/hubsocial.inclusivplus.ro\/wp-content\/uploads\/2022\/03\/learn.jpg\" alt=\"\" class=\"wp-image-25705\" width=\"445\" height=\"296\" srcset=\"https:\/\/hubsocial.inclusivplus.ro\/wp-content\/uploads\/2022\/03\/learn.jpg 654w, https:\/\/hubsocial.inclusivplus.ro\/wp-content\/uploads\/2022\/03\/learn-600x401.jpg 600w, https:\/\/hubsocial.inclusivplus.ro\/wp-content\/uploads\/2022\/03\/learn-300x200.jpg 300w\" sizes=\"auto, (max-width: 445px) 100vw, 445px\" \/><\/figure><\/div>\n<\/div>\n\n\n\n<div class=\"wp-block-column is-vertically-aligned-center is-layout-flow wp-block-column-is-layout-flow\">\n<div class=\"inherit-container-width wp-block-group is-layout-constrained wp-block-group-is-layout-constrained\"><div class=\"wp-block-group__inner-container\">\n<h4 class=\"has-ast-global-color-0-color has-text-color wp-block-heading\">#1. Dezvolt\u0103-\u021bi abilit\u0103\u021bile relevante pentru tine<\/h4>\n<\/div><\/div>\n\n\n\n<div class=\"inherit-container-width wp-block-group is-layout-constrained wp-block-group-is-layout-constrained\"><div class=\"wp-block-group__inner-container\">\n<h4 class=\"has-ast-global-color-0-color has-text-color wp-block-heading\">#2. Alege parcursul potrivit pentru tine, pe cea mai bun\u0103 platform\u0103 de \u00eenv\u0103\u021bare<\/h4>\n<\/div><\/div>\n\n\n\n<div class=\"inherit-container-width wp-block-group is-layout-constrained wp-block-group-is-layout-constrained\"><div class=\"wp-block-group__inner-container\">\n<h4 class=\"has-ast-global-color-0-color has-text-color wp-block-heading\">#3.  \u00cenva\u021b\u0103 de la profesioni\u0219ti<\/h4>\n\n\n\n<h4 class=\"has-ast-global-color-0-color has-text-color wp-block-heading\">#4.  Revino pentru noi provoc\u0103ri<\/h4>\n<\/div><\/div>\n<\/div>\n<\/div>\n\n\n\n<div class=\"inherit-container-width wp-block-group is-layout-constrained wp-block-group-is-layout-constrained\"><div class=\"wp-block-group__inner-container\"><\/div><\/div>\n<\/div><\/div>\n","protected":false},"excerpt":{"rendered":"<p>Cele mai populare cursuri ale noastre Fii preg\u0103tit pentru provoc\u0103rile viitoare! #1. Dezvolt\u0103-\u021bi abilit\u0103\u021bile relevante pentru tine #2. Alege parcursul potrivit pentru tine, pe cea mai bun\u0103 platform\u0103 de \u00eenv\u0103\u021bare #3. \u00cenva\u021b\u0103 de la profesioni\u0219ti #4. Revino pentru noi provoc\u0103ri<\/p>\n","protected":false},"author":1,"featured_media":0,"parent":0,"menu_order":0,"comment_status":"closed","ping_status":"closed","template":"","meta":{"_uag_custom_page_level_css":"","site-sidebar-layout":"no-sidebar","site-content-layout":"plain-container","ast-global-header-display":"","ast-main-header-display":"","ast-hfb-above-header-display":"","ast-hfb-below-header-display":"","ast-hfb-mobile-header-display":"","site-post-title":"disabled","ast-breadcrumbs-content":"","ast-featured-img":"disabled","footer-sml-layout":"","theme-transparent-header-meta":"enabled","adv-header-id-meta":"","stick-header-meta":"","header-above-stick-meta":"","header-main-stick-meta":"","header-below-stick-meta":"","footnotes":""},"class_list":["post-25407","page","type-page","status-publish","hentry"],"uagb_featured_image_src":{"full":false,"thumbnail":false,"medium":false,"medium_large":false,"large":false,"1536x1536":false,"2048x2048":false},"uagb_author_info":{"display_name":"pmhail","author_link":"https:\/\/hubsocial.inclusivplus.ro\/?author=1"},"uagb_comment_info":0,"uagb_excerpt":"Cele mai populare cursuri ale noastre Fii preg\u0103tit pentru provoc\u0103rile viitoare! #1. Dezvolt\u0103-\u021bi abilit\u0103\u021bile relevante pentru tine #2. Alege parcursul potrivit pentru tine, pe cea mai bun\u0103 platform\u0103 de \u00eenv\u0103\u021bare #3. \u00cenva\u021b\u0103 de la profesioni\u0219ti #4. Revino pentru noi provoc\u0103ri","_links":{"self":[{"href":"https:\/\/hubsocial.inclusivplus.ro\/index.php?rest_route=\/wp\/v2\/pages\/25407","targetHints":{"allow":["GET"]}}],"collection":[{"href":"https:\/\/hubsocial.inclusivplus.ro\/index.php?rest_route=\/wp\/v2\/pages"}],"about":[{"href":"https:\/\/hubsocial.inclusivplus.ro\/index.php?rest_route=\/wp\/v2\/types\/page"}],"author":[{"embeddable":true,"href":"https:\/\/hubsocial.inclusivplus.ro\/index.php?rest_route=\/wp\/v2\/users\/1"}],"replies":[{"embeddable":true,"href":"https:\/\/hubsocial.inclusivplus.ro\/index.php?rest_route=%2Fwp%2Fv2%2Fcomments&post=25407"}],"version-history":[{"count":6,"href":"https:\/\/hubsocial.inclusivplus.ro\/index.php?rest_route=\/wp\/v2\/pages\/25407\/revisions"}],"predecessor-version":[{"id":25762,"href":"https:\/\/hubsocial.inclusivplus.ro\/index.php?rest_route=\/wp\/v2\/pages\/25407\/revisions\/25762"}],"wp:attachment":[{"href":"https:\/\/hubsocial.inclusivplus.ro\/index.php?rest_route=%2Fwp%2Fv2%2Fmedia&parent=25407"}],"curies":[{"name":"wp","href":"https:\/\/api.w.org\/{rel}","templated":true}]}}