{"id":25403,"date":"2020-09-16T05:09:06","date_gmt":"2020-09-16T05:09:06","guid":{"rendered":"https:\/\/hubsocial.inclusivplus.ro\/?page_id=25403"},"modified":"2022-03-19T12:41:05","modified_gmt":"2022-03-19T12:41:05","slug":"all-courses","status":"publish","type":"page","link":"https:\/\/hubsocial.inclusivplus.ro\/?page_id=25403","title":{"rendered":"Toate cursurile"},"content":{"rendered":"\n<div class=\"wp-block-cover alignfull is-position-center-center\" style=\"min-height:400px;aspect-ratio:unset;\"><span aria-hidden=\"true\" class=\"has-ast-global-color-0-background-color has-background-dim-100 wp-block-cover__gradient-background has-background-dim\"><\/span><div class=\"wp-block-cover__inner-container is-layout-flow wp-block-cover-is-layout-flow\">\n<div class=\"inherit-container-width wp-block-group is-layout-constrained wp-block-group-is-layout-constrained\"><div class=\"wp-block-group__inner-container\">\n<h1 class=\"has-text-align-center has-white-color has-text-color wp-block-heading\">Toate cursurile<\/h1>\n\n\n\n<p class=\"has-text-align-center has-white-color has-text-color\">Aici se afl\u0103 oferta noastr\u0103 complet\u0103 de cursuri online.<\/p>\n<\/div><\/div>\n<\/div><\/div>\n\n\n\n<div class=\"inherit-container-width wp-block-group alignfull has-ast-global-color-4-background-color has-background is-layout-constrained wp-block-group-is-layout-constrained\"><div class=\"wp-block-group__inner-container\"><div id=\"ld-course-list-content-c4556973bc2af538cafa19d9bc0a5522\" class=\"ld-course-list-content\" data-shortcode-atts=\"{&quot;categoryselector&quot;:&quot;true&quot;,&quot;progress_bar&quot;:&quot;true&quot;,&quot;order&quot;:&quot;asc&quot;}\">\n\t\t\t<div class=\"ld-course-list-items row\">\n\t<!-- LearnDash Course Grid v1 --><div class=\"ld_course_grid col-sm-8 col-md-4 \">\n\t<article id=\"post-69\" class=\" thumbnail course post-69 sfwd-courses type-sfwd-courses status-publish has-post-thumbnail hentry ld_course_category-paid\">\n\t\t\t\t\t\t\t\t<div class=\"ribbon free\">\n\t\t\t\tFree\t\t\t<\/div>\n\t\t\t\n\t\t\t\t\t\t<a href=\"https:\/\/hubsocial.inclusivplus.ro\/?sfwd-courses=social-media-marketing\" rel=\"bookmark\">\n\t\t\t\t<img loading=\"lazy\" decoding=\"async\" width=\"300\" height=\"200\" src=\"https:\/\/hubsocial.inclusivplus.ro\/wp-content\/uploads\/2016\/12\/barber-300x200.jpg\" class=\"attachment-medium size-medium wp-post-image\" alt=\"\" srcset=\"https:\/\/hubsocial.inclusivplus.ro\/wp-content\/uploads\/2016\/12\/barber-300x200.jpg 300w, https:\/\/hubsocial.inclusivplus.ro\/wp-content\/uploads\/2016\/12\/barber-600x400.jpg 600w, https:\/\/hubsocial.inclusivplus.ro\/wp-content\/uploads\/2016\/12\/barber.jpg 640w\" sizes=\"auto, (max-width: 300px) 100vw, 300px\" \/>\t\t\t<\/a>\n\t\t\t\t\t\n\t\t\t\t\t<div class=\"caption\">\n\t\t\t\t<h3 class=\"entry-title\">Frizer<\/h3>\n\t\t\t\t\t\t\t\t<div class=\"entry-content\"><p>Partea teoretic\u0103 a cursului de calificare pentru meseria de frizer. Cod COR 5141.1.3<\/p>\n<\/div>\n\t\t\t\t\t\t\t\t<div class=\"ld_course_grid_button\"><a class=\"btn btn-primary\" role=\"button\" href=\"https:\/\/hubsocial.inclusivplus.ro\/?sfwd-courses=social-media-marketing\" rel=\"bookmark\">Mai multe detalii ...<\/a><\/div>\n\t\t\t\t\t\t\t\t\t\t\t\t\t\t\t\t\t\t\t\t\t\t\t\t\t\t\t<\/div><!-- .entry-header -->\n\t\t\t<\/article><!-- #post-## -->\n<\/div><!-- .ld_course_grid -->\n<!-- LearnDash Course Grid v1 --><div class=\"ld_course_grid col-sm-8 col-md-4 \">\n\t<article id=\"post-71\" class=\" thumbnail course post-71 sfwd-courses type-sfwd-courses status-publish has-post-thumbnail hentry ld_course_category-paid\">\n\t\t\t\t\t\t\t\t<div class=\"ribbon\">\n\t\t\t\tFree\t\t\t<\/div>\n\t\t\t\n\t\t\t\t\t\t<a href=\"https:\/\/hubsocial.inclusivplus.ro\/?sfwd-courses=email-marketing-strategies\" rel=\"bookmark\">\n\t\t\t\t<img loading=\"lazy\" decoding=\"async\" width=\"300\" height=\"225\" src=\"https:\/\/hubsocial.inclusivplus.ro\/wp-content\/uploads\/2016\/12\/antreprenor-1-300x225.jpg\" class=\"attachment-medium size-medium wp-post-image\" alt=\"\" srcset=\"https:\/\/hubsocial.inclusivplus.ro\/wp-content\/uploads\/2016\/12\/antreprenor-1-300x225.jpg 300w, https:\/\/hubsocial.inclusivplus.ro\/wp-content\/uploads\/2016\/12\/antreprenor-1-600x450.jpg 600w, https:\/\/hubsocial.inclusivplus.ro\/wp-content\/uploads\/2016\/12\/antreprenor-1.jpg 640w\" sizes=\"auto, (max-width: 300px) 100vw, 300px\" \/>\t\t\t<\/a>\n\t\t\t\t\t\n\t\t\t\t\t<div class=\"caption\">\n\t\t\t\t<h3 class=\"entry-title\">Competen\u021be antreprenoriale<\/h3>\n\t\t\t\t\t\t\t\t<div class=\"entry-content\"><p>Dezvoltarea competen\u021belor antreprenoriale \u00eentr-o lume \u00een continu\u0103 mi\u0219care este ...<\/p>\n<\/div>\n\t\t\t\t\t\t\t\t<div class=\"ld_course_grid_button\"><a class=\"btn btn-primary\" role=\"button\" href=\"https:\/\/hubsocial.inclusivplus.ro\/?sfwd-courses=email-marketing-strategies\" rel=\"bookmark\">Mai multe detalii ...<\/a><\/div>\n\t\t\t\t\t\t\t\t\t\t\t\t\t\t\t\t\t\t\t\t\t\t\t\t\t\t\t<\/div><!-- .entry-header -->\n\t\t\t<\/article><!-- #post-## -->\n<\/div><!-- .ld_course_grid -->\n<!-- LearnDash Course Grid v1 --><div class=\"ld_course_grid col-sm-8 col-md-4 \">\n\t<article id=\"post-24042\" class=\" thumbnail course post-24042 sfwd-courses type-sfwd-courses status-publish has-post-thumbnail hentry ld_course_category-paid\">\n\t\t\t\t\t\t\t\t<div class=\"ribbon free\">\n\t\t\t\tFree\t\t\t<\/div>\n\t\t\t\n\t\t\t\t\t\t<a href=\"https:\/\/hubsocial.inclusivplus.ro\/?sfwd-courses=content-marketing\" rel=\"bookmark\">\n\t\t\t\t<img loading=\"lazy\" decoding=\"async\" width=\"300\" height=\"200\" src=\"https:\/\/hubsocial.inclusivplus.ro\/wp-content\/uploads\/2016\/12\/social-1-300x200.jpg\" class=\"attachment-medium size-medium wp-post-image\" alt=\"\" srcset=\"https:\/\/hubsocial.inclusivplus.ro\/wp-content\/uploads\/2016\/12\/social-1-300x200.jpg 300w, https:\/\/hubsocial.inclusivplus.ro\/wp-content\/uploads\/2016\/12\/social-1-600x400.jpg 600w, https:\/\/hubsocial.inclusivplus.ro\/wp-content\/uploads\/2016\/12\/social-1.jpg 640w\" sizes=\"auto, (max-width: 300px) 100vw, 300px\" \/>\t\t\t<\/a>\n\t\t\t\t\t\n\t\t\t\t\t<div class=\"caption\">\n\t\t\t\t<h3 class=\"entry-title\">Competen\u021be sociale \u0219i civice<\/h3>\n\t\t\t\t\t\t\t\t<div class=\"entry-content\"><p>Competen\u021be sociale \u0219i civice<\/p>\n<\/div>\n\t\t\t\t\t\t\t\t<div class=\"ld_course_grid_button\"><a class=\"btn btn-primary\" role=\"button\" href=\"https:\/\/hubsocial.inclusivplus.ro\/?sfwd-courses=content-marketing\" rel=\"bookmark\">Mai multe detalii ...<\/a><\/div>\n\t\t\t\t\t\t\t\t\t\t\t\t\t\t\t\t\t\t\t\t\t\t\t\t\t\t\t<\/div><!-- .entry-header -->\n\t\t\t<\/article><!-- #post-## -->\n<\/div><!-- .ld_course_grid -->\n\t<\/div>\n\t\t\t<\/div>\n\t\t\n<\/div><\/div>\n\n\n\n<div class=\"inherit-container-width wp-block-group alignfull has-ast-global-color-5-background-color has-background is-layout-constrained wp-block-group-is-layout-constrained\"><div class=\"wp-block-group__inner-container\">\n<h2 class=\"has-text-align-center wp-block-heading\">Ce spun cursan\u021bii no\u0219tri<\/h2>\n\n\n\n<p><\/p>\n\n\n\n<div class=\"wp-block-columns is-layout-flex wp-container-core-columns-is-layout-28f84493 wp-block-columns-is-layout-flex\">\n<div class=\"wp-block-column is-layout-flow wp-block-column-is-layout-flow\">\n<div class=\"inherit-container-width wp-block-group has-ast-global-color-4-background-color has-background is-layout-constrained wp-block-group-is-layout-constrained\"><div class=\"wp-block-group__inner-container\">\n<p class=\"has-text-align-center\">Click edit button to change this text. Lorem ipsum dolor sit amet, consectetur adipiscing elit. Ut elit tellus, luctus nec ullamcorper mattis, pulvinar dapibus leo.<\/p>\n\n\n\n<h5 class=\"has-text-align-center wp-block-heading\">Ovidiu<\/h5>\n<\/div><\/div>\n<\/div>\n\n\n\n<div class=\"wp-block-column is-vertically-aligned-center is-layout-flow wp-block-column-is-layout-flow\">\n<div class=\"inherit-container-width wp-block-group has-ast-global-color-4-background-color has-background is-layout-constrained wp-block-group-is-layout-constrained\"><div class=\"wp-block-group__inner-container\">\n<p class=\"has-text-align-center\">Click edit button to change this text. Lorem ipsum dolor sit amet, consectetur adipiscing elit. Ut elit tellus, luctus nec ullamcorper mattis, pulvinar dapibus leo.<\/p>\n\n\n\n<h5 class=\"has-text-align-center wp-block-heading\"><strong>Ioana<\/strong><\/h5>\n<\/div><\/div>\n<\/div>\n<\/div>\n\n\n\n<div class=\"wp-block-columns is-layout-flex wp-container-core-columns-is-layout-28f84493 wp-block-columns-is-layout-flex\">\n<div class=\"wp-block-column is-layout-flow wp-block-column-is-layout-flow\">\n<div class=\"inherit-container-width wp-block-group has-ast-global-color-4-background-color has-background is-layout-constrained wp-block-group-is-layout-constrained\"><div class=\"wp-block-group__inner-container\">\n<p class=\"has-text-align-center\">Click edit button to change this text. Lorem ipsum dolor sit amet, consectetur adipiscing elit. Ut elit tellus, luctus nec ullamcorper mattis, pulvinar dapibus leo.<\/p>\n\n\n\n<h5 class=\"has-text-align-center wp-block-heading\">Maria<\/h5>\n<\/div><\/div>\n<\/div>\n\n\n\n<div class=\"wp-block-column is-layout-flow wp-block-column-is-layout-flow\">\n<div class=\"inherit-container-width wp-block-group has-ast-global-color-4-background-color has-background is-layout-constrained wp-block-group-is-layout-constrained\"><div class=\"wp-block-group__inner-container\">\n<p class=\"has-text-align-center\">Click edit button to change this text. Lorem ipsum dolor sit amet, consectetur adipiscing elit. Ut elit tellus, luctus nec ullamcorper mattis, pulvinar dapibus leo.<\/p>\n\n\n\n<h5 class=\"has-text-align-center wp-block-heading\">Andreea<\/h5>\n<\/div><\/div>\n<\/div>\n<\/div>\n<\/div><\/div>\n","protected":false},"excerpt":{"rendered":"<p>Ce spun cursan\u021bii no\u0219tri Click edit button to change this text. Lorem ipsum dolor sit amet, consectetur adipiscing elit. Ut elit tellus, luctus nec ullamcorper mattis, pulvinar dapibus leo. Ovidiu Click edit button to change this text. Lorem ipsum dolor sit amet, consectetur adipiscing elit. Ut elit tellus, luctus nec ullamcorper mattis, pulvinar dapibus leo. &hellip;<\/p>\n<p class=\"read-more\"> <a class=\"\" href=\"https:\/\/hubsocial.inclusivplus.ro\/?page_id=25403\"> <span class=\"screen-reader-text\">Toate cursurile<\/span> Read More \u00bb<\/a><\/p>\n","protected":false},"author":1,"featured_media":0,"parent":0,"menu_order":0,"comment_status":"closed","ping_status":"closed","template":"","meta":{"_uag_custom_page_level_css":"","site-sidebar-layout":"no-sidebar","site-content-layout":"plain-container","ast-global-header-display":"","ast-main-header-display":"","ast-hfb-above-header-display":"","ast-hfb-below-header-display":"","ast-hfb-mobile-header-display":"","site-post-title":"disabled","ast-breadcrumbs-content":"","ast-featured-img":"disabled","footer-sml-layout":"","theme-transparent-header-meta":"enabled","adv-header-id-meta":"","stick-header-meta":"","header-above-stick-meta":"","header-main-stick-meta":"","header-below-stick-meta":"","footnotes":""},"class_list":["post-25403","page","type-page","status-publish","hentry"],"uagb_featured_image_src":{"full":false,"thumbnail":false,"medium":false,"medium_large":false,"large":false,"1536x1536":false,"2048x2048":false},"uagb_author_info":{"display_name":"pmhail","author_link":"https:\/\/hubsocial.inclusivplus.ro\/?author=1"},"uagb_comment_info":0,"uagb_excerpt":"Ce spun cursan\u021bii no\u0219tri Click edit button to change this text. Lorem ipsum dolor sit amet, consectetur adipiscing elit. Ut elit tellus, luctus nec ullamcorper mattis, pulvinar dapibus leo. Ovidiu Click edit button to change this text. Lorem ipsum dolor sit amet, consectetur adipiscing elit. Ut elit tellus, luctus nec ullamcorper mattis, pulvinar dapibus leo.&hellip;","_links":{"self":[{"href":"https:\/\/hubsocial.inclusivplus.ro\/index.php?rest_route=\/wp\/v2\/pages\/25403","targetHints":{"allow":["GET"]}}],"collection":[{"href":"https:\/\/hubsocial.inclusivplus.ro\/index.php?rest_route=\/wp\/v2\/pages"}],"about":[{"href":"https:\/\/hubsocial.inclusivplus.ro\/index.php?rest_route=\/wp\/v2\/types\/page"}],"author":[{"embeddable":true,"href":"https:\/\/hubsocial.inclusivplus.ro\/index.php?rest_route=\/wp\/v2\/users\/1"}],"replies":[{"embeddable":true,"href":"https:\/\/hubsocial.inclusivplus.ro\/index.php?rest_route=%2Fwp%2Fv2%2Fcomments&post=25403"}],"version-history":[{"count":2,"href":"https:\/\/hubsocial.inclusivplus.ro\/index.php?rest_route=\/wp\/v2\/pages\/25403\/revisions"}],"predecessor-version":[{"id":25696,"href":"https:\/\/hubsocial.inclusivplus.ro\/index.php?rest_route=\/wp\/v2\/pages\/25403\/revisions\/25696"}],"wp:attachment":[{"href":"https:\/\/hubsocial.inclusivplus.ro\/index.php?rest_route=%2Fwp%2Fv2%2Fmedia&parent=25403"}],"curies":[{"name":"wp","href":"https:\/\/api.w.org\/{rel}","templated":true}]}}