{"id":25401,"date":"2020-09-16T05:08:36","date_gmt":"2020-09-16T05:08:36","guid":{"rendered":"https:\/\/hubsocial.inclusivplus.ro\/?page_id=25401"},"modified":"2022-03-21T09:44:09","modified_gmt":"2022-03-21T09:44:09","slug":"about","status":"publish","type":"page","link":"https:\/\/hubsocial.inclusivplus.ro\/?page_id=25401","title":{"rendered":"Despre noi"},"content":{"rendered":"\n<div class=\"wp-block-cover alignfull is-position-center-center\" style=\"min-height:400px;aspect-ratio:unset;\"><span aria-hidden=\"true\" class=\"has-ast-global-color-0-background-color has-background-dim-80 wp-block-cover__gradient-background has-background-dim\"><\/span><img loading=\"lazy\" decoding=\"async\" width=\"1920\" height=\"1080\" class=\"wp-block-cover__image-background wp-image-24536\" alt=\"\" src=\"https:\/\/hubsocial.inclusivplus.ro\/wp-content\/uploads\/2019\/06\/ld2.jpg\" data-object-fit=\"cover\" srcset=\"https:\/\/hubsocial.inclusivplus.ro\/wp-content\/uploads\/2019\/06\/ld2.jpg 1920w, https:\/\/hubsocial.inclusivplus.ro\/wp-content\/uploads\/2019\/06\/ld2-600x338.jpg 600w, https:\/\/hubsocial.inclusivplus.ro\/wp-content\/uploads\/2019\/06\/ld2-300x169.jpg 300w, https:\/\/hubsocial.inclusivplus.ro\/wp-content\/uploads\/2019\/06\/ld2-1024x576.jpg 1024w, https:\/\/hubsocial.inclusivplus.ro\/wp-content\/uploads\/2019\/06\/ld2-768x432.jpg 768w, https:\/\/hubsocial.inclusivplus.ro\/wp-content\/uploads\/2019\/06\/ld2-1536x864.jpg 1536w\" sizes=\"auto, (max-width: 1920px) 100vw, 1920px\" \/><div class=\"wp-block-cover__inner-container is-layout-flow wp-block-cover-is-layout-flow\">\n<div class=\"inherit-container-width wp-block-group is-layout-constrained wp-block-group-is-layout-constrained\"><div class=\"wp-block-group__inner-container\">\n<h1 class=\"has-text-align-center has-white-color has-text-color wp-block-heading\">Despre noi<\/h1>\n\n\n\n<p class=\"has-text-align-center has-white-color has-text-color\">Lupt\u0103m pentru combaterea s\u0103r\u0103ciei \u0219i a excluziunii sociale, prin asigurarea oportunit\u0103\u021bii de dezvoltare a \u00eentregului poten\u021bial individual.<\/p>\n<\/div><\/div>\n<\/div><\/div>\n\n\n\n<div class=\"inherit-container-width wp-block-group alignfull has-ast-global-color-4-background-color has-background is-layout-constrained wp-block-group-is-layout-constrained\"><div class=\"wp-block-group__inner-container\">\n<div class=\"wp-block-columns are-vertically-aligned-center is-layout-flex wp-container-core-columns-is-layout-28f84493 wp-block-columns-is-layout-flex\">\n<div class=\"wp-block-column is-vertically-aligned-center is-layout-flow wp-block-column-is-layout-flow\" style=\"flex-basis:50%\">\n<div class=\"wp-block-image is-style-default\"><figure class=\"aligncenter size-full\"><img loading=\"lazy\" decoding=\"async\" width=\"968\" height=\"648\" src=\"https:\/\/hubsocial.inclusivplus.ro\/wp-content\/uploads\/2022\/03\/inovare-sociala.jpg\" alt=\"\" class=\"wp-image-25686\" srcset=\"https:\/\/hubsocial.inclusivplus.ro\/wp-content\/uploads\/2022\/03\/inovare-sociala.jpg 968w, https:\/\/hubsocial.inclusivplus.ro\/wp-content\/uploads\/2022\/03\/inovare-sociala-600x402.jpg 600w, https:\/\/hubsocial.inclusivplus.ro\/wp-content\/uploads\/2022\/03\/inovare-sociala-300x201.jpg 300w, https:\/\/hubsocial.inclusivplus.ro\/wp-content\/uploads\/2022\/03\/inovare-sociala-768x514.jpg 768w\" sizes=\"auto, (max-width: 968px) 100vw, 968px\" \/><\/figure><\/div>\n<\/div>\n\n\n\n<div class=\"wp-block-column is-layout-flow wp-block-column-is-layout-flow\" style=\"flex-basis:50%\">\n<h2 class=\"wp-block-heading\">Viziunea<\/h2>\n\n\n\n<p>Viziunea noastr\u0103 este s\u0103 fim principalul furnizor de solu\u021bii de inovare social\u0103 care s\u0103 contribuie la rena\u0219terea comunit\u0103\u021bilor afectate de s\u0103r\u0103cie \u0219i excluziune social\u0103 din Rom\u00e2nia.<\/p>\n<\/div>\n<\/div>\n\n\n\n<div class=\"wp-block-columns is-layout-flex wp-container-core-columns-is-layout-28f84493 wp-block-columns-is-layout-flex\">\n<div class=\"wp-block-column is-vertically-aligned-center is-layout-flow wp-block-column-is-layout-flow\" style=\"flex-basis:60%\">\n<h2 class=\"wp-block-heading\">Misiunea<\/h2>\n\n\n\n<p>Misiunea noastr\u0103 este s\u0103 furniz\u0103m servicii comunitare integrate \u0219i inovative destinate persoanelor \u0219i grupurilor vulnerabile precum comunit\u0103\u021bilor marginalizate care s\u0103 contribuie la combaterea s\u0103r\u0103ciei \u0219i a excluziunii sociale din Rom\u00e2nia.<\/p>\n<\/div>\n\n\n\n<div class=\"wp-block-column is-vertically-aligned-center is-layout-flow wp-block-column-is-layout-flow\" style=\"flex-basis:30%\">\n<div class=\"wp-block-image\"><figure class=\"aligncenter size-full is-resized\"><img loading=\"lazy\" decoding=\"async\" src=\"https:\/\/hubsocial.inclusivplus.ro\/wp-content\/uploads\/2022\/03\/misiunea-just-social.jpg\" alt=\"\" class=\"wp-image-25687\" width=\"232\" height=\"347\" srcset=\"https:\/\/hubsocial.inclusivplus.ro\/wp-content\/uploads\/2022\/03\/misiunea-just-social.jpg 648w, https:\/\/hubsocial.inclusivplus.ro\/wp-content\/uploads\/2022\/03\/misiunea-just-social-600x896.jpg 600w, https:\/\/hubsocial.inclusivplus.ro\/wp-content\/uploads\/2022\/03\/misiunea-just-social-201x300.jpg 201w\" sizes=\"auto, (max-width: 232px) 100vw, 232px\" \/><\/figure><\/div>\n<\/div>\n<\/div>\n\n\n\n<div class=\"wp-block-columns are-vertically-aligned-center is-layout-flex wp-container-core-columns-is-layout-28f84493 wp-block-columns-is-layout-flex\">\n<div class=\"wp-block-column is-vertically-aligned-center is-layout-flow wp-block-column-is-layout-flow\" style=\"flex-basis:50%\">\n<div class=\"wp-block-image is-style-default\"><figure class=\"aligncenter size-large\"><img loading=\"lazy\" decoding=\"async\" width=\"1024\" height=\"683\" src=\"https:\/\/hubsocial.inclusivplus.ro\/wp-content\/uploads\/2022\/03\/despre-voi-1024x683.jpg\" alt=\"\" class=\"wp-image-25690\" srcset=\"https:\/\/hubsocial.inclusivplus.ro\/wp-content\/uploads\/2022\/03\/despre-voi-1024x683.jpg 1024w, https:\/\/hubsocial.inclusivplus.ro\/wp-content\/uploads\/2022\/03\/despre-voi-600x400.jpg 600w, https:\/\/hubsocial.inclusivplus.ro\/wp-content\/uploads\/2022\/03\/despre-voi-300x200.jpg 300w, https:\/\/hubsocial.inclusivplus.ro\/wp-content\/uploads\/2022\/03\/despre-voi-768x513.jpg 768w, https:\/\/hubsocial.inclusivplus.ro\/wp-content\/uploads\/2022\/03\/despre-voi.jpg 1500w\" sizes=\"auto, (max-width: 1024px) 100vw, 1024px\" \/><\/figure><\/div>\n<\/div>\n\n\n\n<div class=\"wp-block-column is-layout-flow wp-block-column-is-layout-flow\" style=\"flex-basis:50%\">\n<h2 class=\"wp-block-heading\">Valorile<\/h2>\n\n\n\n<p><strong>Oamenii<\/strong>&nbsp;\u2013 Oamenii, primii!<br><strong>Libertatea<\/strong>&nbsp;\u2013 Infinitul, de necuprins.<br><strong>Inovarea<\/strong>&nbsp;\u2013 Idei, noi.<br><strong>Diversitatea<\/strong>&nbsp;\u2013 Practicarea respectului.<br><strong>Echipa<\/strong>&nbsp;\u2013 \u00cempreun\u0103, totul!<\/p>\n<\/div>\n<\/div>\n<\/div><\/div>\n\n\n\n<div class=\"inherit-container-width wp-block-group alignfull has-ast-global-color-4-background-color has-background is-layout-constrained wp-block-group-is-layout-constrained\"><div class=\"wp-block-group__inner-container\">\n<p><\/p>\n<\/div><\/div>\n","protected":false},"excerpt":{"rendered":"<p>Viziunea Viziunea noastr\u0103 este s\u0103 fim principalul furnizor de solu\u021bii de inovare social\u0103 care s\u0103 contribuie la rena\u0219terea comunit\u0103\u021bilor afectate de s\u0103r\u0103cie \u0219i excluziune social\u0103 din Rom\u00e2nia. Misiunea Misiunea noastr\u0103 este s\u0103 furniz\u0103m servicii comunitare integrate \u0219i inovative destinate persoanelor \u0219i grupurilor vulnerabile precum comunit\u0103\u021bilor marginalizate care s\u0103 contribuie la combaterea s\u0103r\u0103ciei \u0219i a excluziunii &hellip;<\/p>\n<p class=\"read-more\"> <a class=\"\" href=\"https:\/\/hubsocial.inclusivplus.ro\/?page_id=25401\"> <span class=\"screen-reader-text\">Despre noi<\/span> Read More \u00bb<\/a><\/p>\n","protected":false},"author":1,"featured_media":0,"parent":0,"menu_order":0,"comment_status":"closed","ping_status":"closed","template":"","meta":{"_uag_custom_page_level_css":"","site-sidebar-layout":"no-sidebar","site-content-layout":"plain-container","ast-global-header-display":"","ast-main-header-display":"","ast-hfb-above-header-display":"","ast-hfb-below-header-display":"","ast-hfb-mobile-header-display":"","site-post-title":"disabled","ast-breadcrumbs-content":"","ast-featured-img":"disabled","footer-sml-layout":"","theme-transparent-header-meta":"enabled","adv-header-id-meta":"","stick-header-meta":"","header-above-stick-meta":"","header-main-stick-meta":"","header-below-stick-meta":"","footnotes":""},"class_list":["post-25401","page","type-page","status-publish","hentry"],"uagb_featured_image_src":{"full":false,"thumbnail":false,"medium":false,"medium_large":false,"large":false,"1536x1536":false,"2048x2048":false},"uagb_author_info":{"display_name":"pmhail","author_link":"https:\/\/hubsocial.inclusivplus.ro\/?author=1"},"uagb_comment_info":0,"uagb_excerpt":"Viziunea Viziunea noastr\u0103 este s\u0103 fim principalul furnizor de solu\u021bii de inovare social\u0103 care s\u0103 contribuie la rena\u0219terea comunit\u0103\u021bilor afectate de s\u0103r\u0103cie \u0219i excluziune social\u0103 din Rom\u00e2nia. Misiunea Misiunea noastr\u0103 este s\u0103 furniz\u0103m servicii comunitare integrate \u0219i inovative destinate persoanelor \u0219i grupurilor vulnerabile precum comunit\u0103\u021bilor marginalizate care s\u0103 contribuie la combaterea s\u0103r\u0103ciei \u0219i a excluziunii&hellip;","_links":{"self":[{"href":"https:\/\/hubsocial.inclusivplus.ro\/index.php?rest_route=\/wp\/v2\/pages\/25401","targetHints":{"allow":["GET"]}}],"collection":[{"href":"https:\/\/hubsocial.inclusivplus.ro\/index.php?rest_route=\/wp\/v2\/pages"}],"about":[{"href":"https:\/\/hubsocial.inclusivplus.ro\/index.php?rest_route=\/wp\/v2\/types\/page"}],"author":[{"embeddable":true,"href":"https:\/\/hubsocial.inclusivplus.ro\/index.php?rest_route=\/wp\/v2\/users\/1"}],"replies":[{"embeddable":true,"href":"https:\/\/hubsocial.inclusivplus.ro\/index.php?rest_route=%2Fwp%2Fv2%2Fcomments&post=25401"}],"version-history":[{"count":5,"href":"https:\/\/hubsocial.inclusivplus.ro\/index.php?rest_route=\/wp\/v2\/pages\/25401\/revisions"}],"predecessor-version":[{"id":25765,"href":"https:\/\/hubsocial.inclusivplus.ro\/index.php?rest_route=\/wp\/v2\/pages\/25401\/revisions\/25765"}],"wp:attachment":[{"href":"https:\/\/hubsocial.inclusivplus.ro\/index.php?rest_route=%2Fwp%2Fv2%2Fmedia&parent=25401"}],"curies":[{"name":"wp","href":"https:\/\/api.w.org\/{rel}","templated":true}]}}